{"id":1068,"date":"2024-11-14T11:52:41","date_gmt":"2024-11-14T11:52:41","guid":{"rendered":"https:\/\/farmres.eu\/tietosuojakaytanto"},"modified":"2024-11-14T12:04:48","modified_gmt":"2024-11-14T12:04:48","slug":"tietosuojakaytanto","status":"publish","type":"page","link":"https:\/\/farmres.eu\/fi\/tietosuojakaytanto","title":{"rendered":"Tietosuojak\u00e4yt\u00e4nt\u00f6"},"content":{"rendered":"\t\t<div data-elementor-type=\"wp-page\" data-elementor-id=\"1068\" class=\"elementor elementor-1068 elementor-1059\" data-elementor-post-type=\"page\">\n\t\t\t\t<div class=\"elementor-element elementor-element-37f6518 e-con-full e-flex e-con e-parent\" data-id=\"37f6518\" data-element_type=\"container\" data-settings=\"{&quot;background_background&quot;:&quot;classic&quot;,&quot;background_motion_fx_motion_fx_mouse&quot;:&quot;yes&quot;}\">\n\t\t\t\t<\/div>\n\t\t<div data-dce-background-image-url=\"https:\/\/farmres.eu\/wp-content\/uploads\/2022\/07\/Create-and-impressive-portfolio-bg-pic.svg\" class=\"elementor-element elementor-element-60294ed e-flex e-con-boxed e-con e-parent\" data-id=\"60294ed\" data-element_type=\"container\" data-settings=\"{&quot;background_background&quot;:&quot;classic&quot;,&quot;background_motion_fx_motion_fx_scrolling&quot;:&quot;yes&quot;,&quot;background_motion_fx_translateX_effect&quot;:&quot;yes&quot;,&quot;background_motion_fx_translateX_direction&quot;:&quot;negative&quot;,&quot;background_motion_fx_translateX_speed&quot;:{&quot;unit&quot;:&quot;px&quot;,&quot;size&quot;:&quot;0.7&quot;,&quot;sizes&quot;:[]},&quot;background_motion_fx_devices&quot;:[&quot;desktop&quot;],&quot;background_motion_fx_translateX_affectedRange&quot;:{&quot;unit&quot;:&quot;%&quot;,&quot;size&quot;:&quot;&quot;,&quot;sizes&quot;:{&quot;start&quot;:0,&quot;end&quot;:100}}}\">\n\t\t\t\t\t<div class=\"e-con-inner\">\n\t\t<div class=\"elementor-element elementor-element-b6a1d20 e-flex e-con-boxed e-con e-child\" data-id=\"b6a1d20\" data-element_type=\"container\" data-settings=\"{&quot;background_background&quot;:&quot;classic&quot;}\">\n\t\t\t\t\t<div class=\"e-con-inner\">\n\t\t\t\t<div class=\"elementor-element elementor-element-a8a98b1 elementor-widget elementor-widget-text-editor\" data-id=\"a8a98b1\" data-element_type=\"widget\" data-widget_type=\"text-editor.default\">\n\t\t\t\t<div class=\"elementor-widget-container\">\n\t\t\t\t\t\t\t<p>At FARMRes we take the protection of your personal data very seriously. Our purpose is to protect the privacy of the data you provide us and to comply with the current regulations on the protection of personal data. <\/p>\n\t\t\t\t\t\t<\/div>\n\t\t\t\t<\/div>\n\t\t\t\t<div class=\"elementor-element elementor-element-91c6353 elementor-widget elementor-widget-text-editor\" data-id=\"91c6353\" data-element_type=\"widget\" data-widget_type=\"text-editor.default\">\n\t\t\t\t<div class=\"elementor-widget-container\">\n\t\t\t\t\t\t\t<p>Henkil\u00f6tietojen suojasta ja digitaalisten oikeuksien takaamisesta 5. joulukuuta annetun lain 3\/2018 mukaisesti, joka on saatettu osaksi asetusta (EU) 2016\/679, ilmoitamme sinulle seuraavat tiedot yksityisyys- ja tietosuojak\u00e4yt\u00e4nn\u00f6st\u00e4mme:<\/p>\n\t\t\t\t\t\t<\/div>\n\t\t\t\t<\/div>\n\t\t\t\t\t<\/div>\n\t\t\t\t<\/div>\n\t\t<div class=\"elementor-element elementor-element-0bace5c e-flex e-con-boxed e-con e-child\" data-id=\"0bace5c\" data-element_type=\"container\" data-settings=\"{&quot;background_background&quot;:&quot;classic&quot;}\">\n\t\t\t\t\t<div class=\"e-con-inner\">\n\t\t\t\t<div class=\"elementor-element elementor-element-417d354 elementor-widget elementor-widget-heading\" data-id=\"417d354\" data-element_type=\"widget\" data-widget_type=\"heading.default\">\n\t\t\t\t<div class=\"elementor-widget-container\">\n\t\t\t<h2 class=\"elementor-heading-title elementor-size-default\">Kuka on tietojesi k\u00e4sittelyn rekisterinpit\u00e4j\u00e4? <\/h2>\t\t<\/div>\n\t\t\t\t<\/div>\n\t\t\t\t<div class=\"elementor-element elementor-element-c381551 elementor-widget elementor-widget-text-editor\" data-id=\"c381551\" data-element_type=\"widget\" data-widget_type=\"text-editor.default\">\n\t\t\t\t<div class=\"elementor-widget-container\">\n\t\t\t\t\t\t\t<p>Tiedoistasi vastaava organisaatio on CEJA &#8211; European Council of Young Farmers. T\u00e4m\u00e4 on kansalaisj\u00e4rjest\u00f6, joka sijaitsee Brysseliss\u00e4 Belgiassa. <\/p>\n<p><strong>Osoite <\/strong> Rue de la Loi 67, 1040 Bruxelles\/Brussel, Belgia<\/p>\n<p><strong>Puhelin <\/strong> +32 2 230 42 10<\/p>\n<p><strong>S\u00e4hk\u00f6posti yhteyshenkil\u00f6<\/strong> <a href=\"mailto:info@ceja.eu\"> info@ceja.eu<\/a><\/p>\n\t\t\t\t\t\t<\/div>\n\t\t\t\t<\/div>\n\t\t\t\t\t<\/div>\n\t\t\t\t<\/div>\n\t\t<div class=\"elementor-element elementor-element-a34145f e-flex e-con-boxed e-con e-child\" data-id=\"a34145f\" data-element_type=\"container\" data-settings=\"{&quot;background_background&quot;:&quot;classic&quot;}\">\n\t\t\t\t\t<div class=\"e-con-inner\">\n\t\t\t\t<div class=\"elementor-element elementor-element-56cea8e elementor-widget elementor-widget-heading\" data-id=\"56cea8e\" data-element_type=\"widget\" data-widget_type=\"heading.default\">\n\t\t\t\t<div class=\"elementor-widget-container\">\n\t\t\t<h2 class=\"elementor-heading-title elementor-size-default\">Mik\u00e4 on k\u00e4sittelyn tarkoitus?<\/h2>\t\t<\/div>\n\t\t\t\t<\/div>\n\t\t\t\t<div class=\"elementor-element elementor-element-da23be5 elementor-widget elementor-widget-text-editor\" data-id=\"da23be5\" data-element_type=\"widget\" data-widget_type=\"text-editor.default\">\n\t\t\t\t<div class=\"elementor-widget-container\">\n\t\t\t\t\t\t\t<ul>\n<li>Vastatakseen pyynt\u00f6ihin, valituksiin ja tapauksiin, jotka on siirretty verkkosivustollamme olevien yhteyskanavien kautta.<\/li>\n<li>Ymm\u00e4rt\u00e4\u00e4ksemme selailuk\u00e4ytt\u00e4ytymisen verkossa havaitaksemme mahdolliset tietokonehy\u00f6kk\u00e4ykset verkkossamme.<\/li>\n<li>Noudattaaksemme meihin suoraan sovellettavia lakis\u00e4\u00e4teisi\u00e4 velvoitteita ja s\u00e4\u00e4telem\u00e4\u00e4n toimintaamme<\/li>\n<li>Suojellaksemme ja k\u00e4ytt\u00e4\u00e4ksemme oikeuksiamme tai vastataksemme kaikenlaisiin valituksiin.<\/li>\n<li>Uutiskirjeiden l\u00e4hett\u00e4minen vastuuhenkil\u00f6n toiminnan muodostavista tavaroista tai palveluista tai heid\u00e4n toimintaansa liittyvist\u00e4 uutisista.<\/li>\n<\/ul>\n\t\t\t\t\t\t<\/div>\n\t\t\t\t<\/div>\n\t\t\t\t\t<\/div>\n\t\t\t\t<\/div>\n\t\t<div class=\"elementor-element elementor-element-5237a00 e-flex e-con-boxed e-con e-child\" data-id=\"5237a00\" data-element_type=\"container\" data-settings=\"{&quot;background_background&quot;:&quot;classic&quot;}\">\n\t\t\t\t\t<div class=\"e-con-inner\">\n\t\t\t\t<div class=\"elementor-element elementor-element-f206c32 elementor-widget elementor-widget-heading\" data-id=\"f206c32\" data-element_type=\"widget\" data-widget_type=\"heading.default\">\n\t\t\t\t<div class=\"elementor-widget-container\">\n\t\t\t<h2 class=\"elementor-heading-title elementor-size-default\">Mik\u00e4 on k\u00e4sittelyn oikeusperusta?<\/h2>\t\t<\/div>\n\t\t\t\t<\/div>\n\t\t\t\t<div class=\"elementor-element elementor-element-79adefb elementor-widget elementor-widget-text-editor\" data-id=\"79adefb\" data-element_type=\"widget\" data-widget_type=\"text-editor.default\">\n\t\t\t\t<div class=\"elementor-widget-container\">\n\t\t\t\t\t\t\t<p>Tietojesi k\u00e4sittelyn oikeusperustana on rekister\u00f6idyn suostumus asetuksen 6 artiklan 1 kohdan a alakohdan mukaisesti sek\u00e4 rekisterinpit\u00e4j\u00e4n oikeutettu etu asetuksen 6 artiklan 1 kohdan f alakohdan mukaisesti.<\/p>\n<p>Sinulta pyyt\u00e4m\u00e4mme tiedot ovat riitt\u00e4vi\u00e4, olennaisia ja ehdottoman v\u00e4ltt\u00e4m\u00e4tt\u00f6mi\u00e4, etk\u00e4 miss\u00e4\u00e4n tapauksessa ole velvollinen toimittamaan niit\u00e4 meille, mutta niiden v\u00e4litt\u00e4m\u00e4tt\u00e4 j\u00e4tt\u00e4minen voi vaikuttaa palvelun tarkoitukseen tai sen tarjoamisen mahdottomuuteen.<\/p>\n\t\t\t\t\t\t<\/div>\n\t\t\t\t<\/div>\n\t\t\t\t\t<\/div>\n\t\t\t\t<\/div>\n\t\t<div class=\"elementor-element elementor-element-cfaea6e e-flex e-con-boxed e-con e-child\" data-id=\"cfaea6e\" data-element_type=\"container\" data-settings=\"{&quot;background_background&quot;:&quot;classic&quot;}\">\n\t\t\t\t\t<div class=\"e-con-inner\">\n\t\t\t\t<div class=\"elementor-element elementor-element-8ee415e elementor-widget elementor-widget-heading\" data-id=\"8ee415e\" data-element_type=\"widget\" data-widget_type=\"heading.default\">\n\t\t\t\t<div class=\"elementor-widget-container\">\n\t\t\t<h2 class=\"elementor-heading-title elementor-size-default\">Kuinka kauan s\u00e4ilyt\u00e4mme tietojasi?<\/h2>\t\t<\/div>\n\t\t\t\t<\/div>\n\t\t\t\t<div class=\"elementor-element elementor-element-d5c1352 elementor-widget elementor-widget-text-editor\" data-id=\"d5c1352\" data-element_type=\"widget\" data-widget_type=\"text-editor.default\">\n\t\t\t\t<div class=\"elementor-widget-container\">\n\t\t\t\t\t\t\t<p>Tietojasi s\u00e4ilytet\u00e4\u00e4n niin kauan kuin se on vaadittu tarjotun palvelun asianmukaisen tarjoamisen sek\u00e4 niist\u00e4 mahdollisesti johtuvien vastuiden ja muiden lakis\u00e4\u00e4teisten vaatimusten t\u00e4ytt\u00e4miseksi.<\/p>\n\t\t\t\t\t\t<\/div>\n\t\t\t\t<\/div>\n\t\t\t\t\t<\/div>\n\t\t\t\t<\/div>\n\t\t<div class=\"elementor-element elementor-element-d171474 e-flex e-con-boxed e-con e-child\" data-id=\"d171474\" data-element_type=\"container\" data-settings=\"{&quot;background_background&quot;:&quot;classic&quot;}\">\n\t\t\t\t\t<div class=\"e-con-inner\">\n\t\t\t\t<div class=\"elementor-element elementor-element-7f99fb6 elementor-widget elementor-widget-heading\" data-id=\"7f99fb6\" data-element_type=\"widget\" data-widget_type=\"heading.default\">\n\t\t\t\t<div class=\"elementor-widget-container\">\n\t\t\t<h2 class=\"elementor-heading-title elementor-size-default\">Ketk\u00e4 vastaanottajat saavat tietosi?<\/h2>\t\t<\/div>\n\t\t\t\t<\/div>\n\t\t\t\t<div class=\"elementor-element elementor-element-d30494f elementor-widget elementor-widget-text-editor\" data-id=\"d30494f\" data-element_type=\"widget\" data-widget_type=\"text-editor.default\">\n\t\t\t\t<div class=\"elementor-widget-container\">\n\t\t\t\t\t\t\t<p>K\u00e4sitelless\u00e4\u00e4n tietojasi CEJA &#8211; European Council of Young Farmers voi jakaa tietosi:<\/p>\n<p>On Projects Advising SL, web-hallinta- ja yll\u00e4pitopalvelujen tarjoajina.<\/p>\n\t\t\t\t\t\t<\/div>\n\t\t\t\t<\/div>\n\t\t\t\t\t<\/div>\n\t\t\t\t<\/div>\n\t\t<div class=\"elementor-element elementor-element-5750407 e-flex e-con-boxed e-con e-child\" data-id=\"5750407\" data-element_type=\"container\" data-settings=\"{&quot;background_background&quot;:&quot;classic&quot;}\">\n\t\t\t\t\t<div class=\"e-con-inner\">\n\t\t\t\t<div class=\"elementor-element elementor-element-ad6f636 elementor-widget elementor-widget-heading\" data-id=\"ad6f636\" data-element_type=\"widget\" data-widget_type=\"heading.default\">\n\t\t\t\t<div class=\"elementor-widget-container\">\n\t\t\t<h2 class=\"elementor-heading-title elementor-size-default\">Mitk\u00e4 ovat minun oikeuteni?<\/h2>\t\t<\/div>\n\t\t\t\t<\/div>\n\t\t\t\t<div class=\"elementor-element elementor-element-fee2b45 elementor-widget elementor-widget-text-editor\" data-id=\"fee2b45\" data-element_type=\"widget\" data-widget_type=\"text-editor.default\">\n\t\t\t\t<div class=\"elementor-widget-container\">\n\t\t\t\t\t\t\t<ul>\n<li>Tietosuojaoikeus: oikeus saada vahvistus siit\u00e4, k\u00e4sitell\u00e4\u00e4nk\u00f6 henkil\u00f6tietoja, sek\u00e4 oikeus tutustua t\u00e4llaisiin tietoihin.<\/li>\n<li>Oikeus henkil\u00f6kohtaisten tietojen oikaisemiseen.<\/li>\n<li>Oikeus poistaa.<\/li>\n<li>Oikeus k\u00e4sittelyn rajoittamiseen.<\/li>\n<li>Oikeus tietojen siirrett\u00e4vyyteen.<\/li>\n<li>Oikeus vastustaa: oikeus vastustaa tietojen k\u00e4sittely\u00e4.<\/li>\n<\/ul>\n\t\t\t\t\t\t<\/div>\n\t\t\t\t<\/div>\n\t\t\t\t<div class=\"elementor-element elementor-element-457a5f4 elementor-widget elementor-widget-text-editor\" data-id=\"457a5f4\" data-element_type=\"widget\" data-widget_type=\"text-editor.default\">\n\t\t\t\t<div class=\"elementor-widget-container\">\n\t\t\t\t\t\t\t<p>Rekisterinpit\u00e4j\u00e4ll\u00e4 on oikeus rajoittaa EU-asetuksen 23 artiklassa s\u00e4\u00e4dettyj\u00e4 oikeuksia, jos rajoituksesta s\u00e4\u00e4det\u00e4\u00e4n erityisesti perusoikeuksien ja -vapauksien turvaamiseksi ja se on tarpeellinen ja oikeasuhteinen toimenpide.<\/p>\n\t\t\t\t\t\t<\/div>\n\t\t\t\t<\/div>\n\t\t\t\t\t<\/div>\n\t\t\t\t<\/div>\n\t\t<div class=\"elementor-element elementor-element-7bf1c16 e-con-full e-flex e-con e-child\" data-id=\"7bf1c16\" data-element_type=\"container\" data-settings=\"{&quot;background_background&quot;:&quot;classic&quot;}\">\n\t\t\t\t<div class=\"elementor-element elementor-element-4feaa52 elementor-widget elementor-widget-heading\" data-id=\"4feaa52\" data-element_type=\"widget\" data-widget_type=\"heading.default\">\n\t\t\t\t<div class=\"elementor-widget-container\">\n\t\t\t<h2 class=\"elementor-heading-title elementor-size-default\">Miss\u00e4 voin tehd\u00e4 valituksen?<\/h2>\t\t<\/div>\n\t\t\t\t<\/div>\n\t\t\t\t<div class=\"elementor-element elementor-element-3b025a1 elementor-widget elementor-widget-text-editor\" data-id=\"3b025a1\" data-element_type=\"widget\" data-widget_type=\"text-editor.default\">\n\t\t\t\t<div class=\"elementor-widget-container\">\n\t\t\t\t\t\t\t<p>Jos joku asianomainen osapuoli katsoo, ett\u00e4 h\u00e4nen tietojaan ei k\u00e4sitell\u00e4 oikein, h\u00e4n voi l\u00e4hett\u00e4\u00e4 valituksensa seuraavaan s\u00e4hk\u00f6postiosoitteeseen: <a href=\"mailto:info@ceja.eu\">info@ceja.eu<\/a>.<\/p>\n<p>Asianomainen vakuuttaa saaneensa kaikki n\u00e4m\u00e4 tiedot.<\/p>\n\t\t\t\t\t\t<\/div>\n\t\t\t\t<\/div>\n\t\t\t\t<\/div>\n\t\t\t\t\t<\/div>\n\t\t\t\t<\/div>\n\t\t\t\t<\/div>\n\t\t","protected":false},"excerpt":{"rendered":"<p>At FARMRes we take the protection of your personal data very seriously. Our purpose is to protect the privacy of the data you provide us and to comply with the current regulations on the protection of personal data. Henkil\u00f6tietojen suojasta ja digitaalisten oikeuksien takaamisesta 5. joulukuuta annetun lain 3\/2018 mukaisesti, joka on saatettu osaksi asetusta [&hellip;]<\/p>\n","protected":false},"author":1,"featured_media":0,"parent":0,"menu_order":0,"comment_status":"closed","ping_status":"closed","template":"elementor_header_footer","meta":{"footnotes":""},"class_list":["post-1068","page","type-page","status-publish","hentry"],"yoast_head":"<!-- This site is optimized with the Yoast SEO plugin v23.9 - https:\/\/yoast.com\/wordpress\/plugins\/seo\/ -->\n<title>Tietosuojak\u00e4yt\u00e4nt\u00f6 - FARMRes<\/title>\n<meta name=\"robots\" content=\"index, follow, max-snippet:-1, max-image-preview:large, max-video-preview:-1\" \/>\n<link rel=\"canonical\" href=\"https:\/\/farmres.eu\/fi\/tietosuojakaytanto\" \/>\n<meta property=\"og:locale\" content=\"fi_FI\" \/>\n<meta property=\"og:type\" content=\"article\" \/>\n<meta property=\"og:title\" content=\"Tietosuojak\u00e4yt\u00e4nt\u00f6 - FARMRes\" \/>\n<meta property=\"og:description\" content=\"At FARMRes we take the protection of your personal data very seriously. Our purpose is to protect the privacy of the data you provide us and to comply with the current regulations on the protection of personal data. Henkil\u00f6tietojen suojasta ja digitaalisten oikeuksien takaamisesta 5. joulukuuta annetun lain 3\/2018 mukaisesti, joka on saatettu osaksi asetusta [&hellip;]\" \/>\n<meta property=\"og:url\" content=\"https:\/\/farmres.eu\/fi\/tietosuojakaytanto\" \/>\n<meta property=\"og:site_name\" content=\"FARMRes\" \/>\n<meta property=\"article:modified_time\" content=\"2024-11-14T12:04:48+00:00\" \/>\n<meta name=\"twitter:card\" content=\"summary_large_image\" \/>\n<meta name=\"twitter:label1\" content=\"Arvioitu lukuaika\" \/>\n\t<meta name=\"twitter:data1\" content=\"2 minuuttia\" \/>\n<script type=\"application\/ld+json\" class=\"yoast-schema-graph\">{\"@context\":\"https:\/\/schema.org\",\"@graph\":[{\"@type\":\"WebPage\",\"@id\":\"https:\/\/farmres.eu\/fi\/tietosuojakaytanto\",\"url\":\"https:\/\/farmres.eu\/fi\/tietosuojakaytanto\",\"name\":\"Tietosuojak\u00e4yt\u00e4nt\u00f6 - FARMRes\",\"isPartOf\":{\"@id\":\"https:\/\/farmres.eu\/#website\"},\"datePublished\":\"2024-11-14T11:52:41+00:00\",\"dateModified\":\"2024-11-14T12:04:48+00:00\",\"breadcrumb\":{\"@id\":\"https:\/\/farmres.eu\/fi\/tietosuojakaytanto#breadcrumb\"},\"inLanguage\":\"fi\",\"potentialAction\":[{\"@type\":\"ReadAction\",\"target\":[\"https:\/\/farmres.eu\/fi\/tietosuojakaytanto\"]}]},{\"@type\":\"BreadcrumbList\",\"@id\":\"https:\/\/farmres.eu\/fi\/tietosuojakaytanto#breadcrumb\",\"itemListElement\":[{\"@type\":\"ListItem\",\"position\":1,\"name\":\"Home\",\"item\":\"https:\/\/farmres.eu\/fi\"},{\"@type\":\"ListItem\",\"position\":2,\"name\":\"Tietosuojak\u00e4yt\u00e4nt\u00f6\"}]},{\"@type\":\"WebSite\",\"@id\":\"https:\/\/farmres.eu\/#website\",\"url\":\"https:\/\/farmres.eu\/\",\"name\":\"FARMRes\",\"description\":\"Farmers Assistance Resources for Mental Resilience\",\"publisher\":{\"@id\":\"https:\/\/farmres.eu\/#organization\"},\"potentialAction\":[{\"@type\":\"SearchAction\",\"target\":{\"@type\":\"EntryPoint\",\"urlTemplate\":\"https:\/\/farmres.eu\/?s={search_term_string}\"},\"query-input\":{\"@type\":\"PropertyValueSpecification\",\"valueRequired\":true,\"valueName\":\"search_term_string\"}}],\"inLanguage\":\"fi\"},{\"@type\":\"Organization\",\"@id\":\"https:\/\/farmres.eu\/#organization\",\"name\":\"FARMRes\",\"url\":\"https:\/\/farmres.eu\/\",\"logo\":{\"@type\":\"ImageObject\",\"inLanguage\":\"fi\",\"@id\":\"https:\/\/farmres.eu\/#\/schema\/logo\/image\/\",\"url\":\"https:\/\/farmres.eu\/wp-content\/uploads\/2022\/07\/FARMRes-PNG_right.png\",\"contentUrl\":\"https:\/\/farmres.eu\/wp-content\/uploads\/2022\/07\/FARMRes-PNG_right.png\",\"width\":3336,\"height\":706,\"caption\":\"FARMRes\"},\"image\":{\"@id\":\"https:\/\/farmres.eu\/#\/schema\/logo\/image\/\"}}]}<\/script>\n<!-- \/ Yoast SEO plugin. -->","yoast_head_json":{"title":"Tietosuojak\u00e4yt\u00e4nt\u00f6 - FARMRes","robots":{"index":"index","follow":"follow","max-snippet":"max-snippet:-1","max-image-preview":"max-image-preview:large","max-video-preview":"max-video-preview:-1"},"canonical":"https:\/\/farmres.eu\/fi\/tietosuojakaytanto","og_locale":"fi_FI","og_type":"article","og_title":"Tietosuojak\u00e4yt\u00e4nt\u00f6 - FARMRes","og_description":"At FARMRes we take the protection of your personal data very seriously. Our purpose is to protect the privacy of the data you provide us and to comply with the current regulations on the protection of personal data. Henkil\u00f6tietojen suojasta ja digitaalisten oikeuksien takaamisesta 5. joulukuuta annetun lain 3\/2018 mukaisesti, joka on saatettu osaksi asetusta [&hellip;]","og_url":"https:\/\/farmres.eu\/fi\/tietosuojakaytanto","og_site_name":"FARMRes","article_modified_time":"2024-11-14T12:04:48+00:00","twitter_card":"summary_large_image","twitter_misc":{"Arvioitu lukuaika":"2 minuuttia"},"schema":{"@context":"https:\/\/schema.org","@graph":[{"@type":"WebPage","@id":"https:\/\/farmres.eu\/fi\/tietosuojakaytanto","url":"https:\/\/farmres.eu\/fi\/tietosuojakaytanto","name":"Tietosuojak\u00e4yt\u00e4nt\u00f6 - FARMRes","isPartOf":{"@id":"https:\/\/farmres.eu\/#website"},"datePublished":"2024-11-14T11:52:41+00:00","dateModified":"2024-11-14T12:04:48+00:00","breadcrumb":{"@id":"https:\/\/farmres.eu\/fi\/tietosuojakaytanto#breadcrumb"},"inLanguage":"fi","potentialAction":[{"@type":"ReadAction","target":["https:\/\/farmres.eu\/fi\/tietosuojakaytanto"]}]},{"@type":"BreadcrumbList","@id":"https:\/\/farmres.eu\/fi\/tietosuojakaytanto#breadcrumb","itemListElement":[{"@type":"ListItem","position":1,"name":"Home","item":"https:\/\/farmres.eu\/fi"},{"@type":"ListItem","position":2,"name":"Tietosuojak\u00e4yt\u00e4nt\u00f6"}]},{"@type":"WebSite","@id":"https:\/\/farmres.eu\/#website","url":"https:\/\/farmres.eu\/","name":"FARMRes","description":"Farmers Assistance Resources for Mental Resilience","publisher":{"@id":"https:\/\/farmres.eu\/#organization"},"potentialAction":[{"@type":"SearchAction","target":{"@type":"EntryPoint","urlTemplate":"https:\/\/farmres.eu\/?s={search_term_string}"},"query-input":{"@type":"PropertyValueSpecification","valueRequired":true,"valueName":"search_term_string"}}],"inLanguage":"fi"},{"@type":"Organization","@id":"https:\/\/farmres.eu\/#organization","name":"FARMRes","url":"https:\/\/farmres.eu\/","logo":{"@type":"ImageObject","inLanguage":"fi","@id":"https:\/\/farmres.eu\/#\/schema\/logo\/image\/","url":"https:\/\/farmres.eu\/wp-content\/uploads\/2022\/07\/FARMRes-PNG_right.png","contentUrl":"https:\/\/farmres.eu\/wp-content\/uploads\/2022\/07\/FARMRes-PNG_right.png","width":3336,"height":706,"caption":"FARMRes"},"image":{"@id":"https:\/\/farmres.eu\/#\/schema\/logo\/image\/"}}]}},"_links":{"self":[{"href":"https:\/\/farmres.eu\/fi\/wp-json\/wp\/v2\/pages\/1068","targetHints":{"allow":["GET"]}}],"collection":[{"href":"https:\/\/farmres.eu\/fi\/wp-json\/wp\/v2\/pages"}],"about":[{"href":"https:\/\/farmres.eu\/fi\/wp-json\/wp\/v2\/types\/page"}],"author":[{"embeddable":true,"href":"https:\/\/farmres.eu\/fi\/wp-json\/wp\/v2\/users\/1"}],"replies":[{"embeddable":true,"href":"https:\/\/farmres.eu\/fi\/wp-json\/wp\/v2\/comments?post=1068"}],"version-history":[{"count":1,"href":"https:\/\/farmres.eu\/fi\/wp-json\/wp\/v2\/pages\/1068\/revisions"}],"predecessor-version":[{"id":1069,"href":"https:\/\/farmres.eu\/fi\/wp-json\/wp\/v2\/pages\/1068\/revisions\/1069"}],"wp:attachment":[{"href":"https:\/\/farmres.eu\/fi\/wp-json\/wp\/v2\/media?parent=1068"}],"curies":[{"name":"wp","href":"https:\/\/api.w.org\/{rel}","templated":true}]}}