{"id":1011,"date":"2024-06-20T08:51:47","date_gmt":"2024-06-20T08:51:47","guid":{"rendered":"https:\/\/farmres.eu\/recursos"},"modified":"2024-07-08T07:28:28","modified_gmt":"2024-07-08T07:28:28","slug":"recursos","status":"publish","type":"page","link":"https:\/\/farmres.eu\/es\/recursos","title":{"rendered":"Recursos"},"content":{"rendered":"\t\t<div data-elementor-type=\"wp-page\" data-elementor-id=\"1011\" class=\"elementor elementor-1011 elementor-907\" data-elementor-post-type=\"page\">\n\t\t\t\t<div class=\"elementor-element elementor-element-37f6518 e-con-full e-flex e-con e-parent\" data-id=\"37f6518\" data-element_type=\"container\" data-settings=\"{&quot;background_background&quot;:&quot;classic&quot;,&quot;background_motion_fx_motion_fx_mouse&quot;:&quot;yes&quot;}\">\n\t\t\t\t<div class=\"elementor-element elementor-element-604ec41 elementor-widget__width-initial elementor-widget elementor-widget-text-editor\" data-id=\"604ec41\" data-element_type=\"widget\" data-widget_type=\"text-editor.default\">\n\t\t\t\t<div class=\"elementor-widget-container\">\n\t\t\t\t\t\t\t<p>Aqu\u00ed encontrar\u00e1s un conjunto de recursos desarrollados en el marco del proyecto FARMRes.<\/p>\n\t\t\t\t\t\t<\/div>\n\t\t\t\t<\/div>\n\t\t\t\t<\/div>\n\t\t<div data-dce-background-image-url=\"https:\/\/farmres.eu\/wp-content\/uploads\/2022\/07\/Create-and-impressive-portfolio-bg-pic.svg\" class=\"elementor-element elementor-element-60294ed e-flex e-con-boxed e-con e-parent\" data-id=\"60294ed\" data-element_type=\"container\" data-settings=\"{&quot;background_background&quot;:&quot;classic&quot;,&quot;background_motion_fx_motion_fx_scrolling&quot;:&quot;yes&quot;,&quot;background_motion_fx_translateX_effect&quot;:&quot;yes&quot;,&quot;background_motion_fx_translateX_direction&quot;:&quot;negative&quot;,&quot;background_motion_fx_translateX_speed&quot;:{&quot;unit&quot;:&quot;px&quot;,&quot;size&quot;:&quot;0.7&quot;,&quot;sizes&quot;:[]},&quot;background_motion_fx_devices&quot;:[&quot;desktop&quot;],&quot;background_motion_fx_translateX_affectedRange&quot;:{&quot;unit&quot;:&quot;%&quot;,&quot;size&quot;:&quot;&quot;,&quot;sizes&quot;:{&quot;start&quot;:0,&quot;end&quot;:100}}}\">\n\t\t\t\t\t<div class=\"e-con-inner\">\n\t\t<div class=\"elementor-element elementor-element-b6a1d20 e-flex e-con-boxed e-con e-child\" data-id=\"b6a1d20\" data-element_type=\"container\">\n\t\t\t\t\t<div class=\"e-con-inner\">\n\t\t\t\t<div data-dce-advanced-background-image-url=\"https:\/\/farmres.eu\/wp-content\/uploads\/2022\/07\/user-experience-bg-wh-copy.png\" class=\"elementor-element elementor-element-b955aed elementor-view-stacked elementor-position-left elementor-vertical-align-middle elementor-shape-circle elementor-mobile-position-top elementor-widget elementor-widget-icon-box\" data-id=\"b955aed\" data-element_type=\"widget\" data-widget_type=\"icon-box.default\">\n\t\t\t\t<div class=\"elementor-widget-container\">\n\t\t\t\t\t<div class=\"elementor-icon-box-wrapper\">\n\n\t\t\t\t\t\t<div class=\"elementor-icon-box-icon\">\n\t\t\t\t<a href=\"https:\/\/farmres.eu\/es\/farmres_summary-report_en\" target=\"_blank\" class=\"elementor-icon elementor-animation-grow-rotate\" tabindex=\"-1\">\n\t\t\t\t<svg xmlns=\"http:\/\/www.w3.org\/2000\/svg\" xmlns:xlink=\"http:\/\/www.w3.org\/1999\/xlink\" fill=\"#000000\" id=\"Layer_1\" viewBox=\"0 0 503.607 503.607\" xml:space=\"preserve\"><g>\t<g>\t\t<g>\t\t\t<rect x=\"285.377\" y=\"218.229\" width=\"83.934\" height=\"83.934\"><\/rect>\t\t\t<path d=\"M436.358,108.594c-0.05-0.764-0.201-1.494-0.453-2.216c-0.092-0.269-0.159-0.537-0.277-0.789    c-0.403-0.865-0.915-1.679-1.603-2.384c-0.017-0.008-0.017-0.025-0.034-0.034L333.287,2.468    c-0.017-0.017-0.034-0.025-0.042-0.034c-0.705-0.697-1.528-1.209-2.392-1.612c-0.235-0.109-0.478-0.176-0.73-0.26    c-0.755-0.269-1.528-0.428-2.325-0.47C327.638,0.084,327.504,0,327.344,0H92.328c-13.883,0-25.18,11.298-25.18,25.18v453.246    c0,13.883,11.298,25.18,25.18,25.18h318.951c13.883,0,25.18-11.298,25.18-25.18V109.115    C436.459,108.93,436.367,108.779,436.358,108.594z M125.902,100.721h151.082c4.633,0,8.393,3.752,8.393,8.393    s-3.76,8.393-8.393,8.393H125.902c-4.633,0-8.393-3.752-8.393-8.393S121.268,100.721,125.902,100.721z M125.902,251.803h109.115    c4.633,0,8.393,3.752,8.393,8.393s-3.76,8.393-8.393,8.393H125.902c-4.633,0-8.393-3.752-8.393-8.393    S121.268,251.803,125.902,251.803z M117.508,209.836c0-4.642,3.76-8.393,8.393-8.393h109.115c4.633,0,8.393,3.752,8.393,8.393    s-3.76,8.393-8.393,8.393H125.902C121.268,218.229,117.508,214.478,117.508,209.836z M125.902,302.164h109.115    c4.633,0,8.393,3.752,8.393,8.393s-3.76,8.393-8.393,8.393H125.902c-4.633,0-8.393-3.752-8.393-8.393    S121.268,302.164,125.902,302.164z M377.705,419.672H125.902c-4.633,0-8.393-3.752-8.393-8.393c0-4.642,3.76-8.393,8.393-8.393    h251.803c4.633,0,8.393,3.752,8.393,8.393C386.098,415.92,382.338,419.672,377.705,419.672z M377.705,369.311H125.902    c-4.633,0-8.393-3.752-8.393-8.393c0-4.642,3.76-8.393,8.393-8.393h251.803c4.633,0,8.393,3.752,8.393,8.393    C386.098,365.56,382.338,369.311,377.705,369.311z M386.098,310.557c0,4.642-3.76,8.393-8.393,8.393H276.984    c-4.633,0-8.393-3.752-8.393-8.393V209.836c0-4.642,3.76-8.393,8.393-8.393h100.721c4.633,0,8.393,3.752,8.393,8.393V310.557z     M377.705,167.869H125.902c-4.633,0-8.393-3.752-8.393-8.393s3.76-8.393,8.393-8.393h251.803c4.633,0,8.393,3.752,8.393,8.393    S382.338,167.869,377.705,167.869z M344.131,100.721c-4.625,0-8.393-3.76-8.393-8.393V28.655l72.066,72.066H344.131z\"><\/path>\t\t<\/g>\t<\/g><\/g><\/svg>\t\t\t\t<\/a>\n\t\t\t<\/div>\n\t\t\t\n\t\t\t\t\t\t<div class=\"elementor-icon-box-content\">\n\n\t\t\t\t\t\t\t\t\t<h3 class=\"elementor-icon-box-title\">\n\t\t\t\t\t\t<a href=\"https:\/\/farmres.eu\/es\/farmres_summary-report_en\" target=\"_blank\" >\n\t\t\t\t\t\t\tInforme resumido\t\t\t\t\t\t<\/a>\n\t\t\t\t\t<\/h3>\n\t\t\t\t\n\t\t\t\t\t\t\t\t\t<p class=\"elementor-icon-box-description\">\n\t\t\t\t\t\tEste informe aborda las cuestiones de salud mental en el sector agrario analizando las realidades sectoriales, los factores, las necesidades, las pol\u00edticas y las iniciativas europeas. \t\t\t\t\t<\/p>\n\t\t\t\t\n\t\t\t<\/div>\n\t\t\t\n\t\t<\/div>\n\t\t\t\t<\/div>\n\t\t\t\t<\/div>\n\t\t\t\t<div data-dce-advanced-background-image-url=\"https:\/\/farmres.eu\/wp-content\/uploads\/2022\/07\/user-experience-bg-wh-copy.png\" class=\"elementor-element elementor-element-4b324d1 elementor-view-stacked elementor-position-left elementor-vertical-align-middle elementor-shape-circle elementor-mobile-position-top elementor-widget elementor-widget-icon-box\" data-id=\"4b324d1\" data-element_type=\"widget\" data-widget_type=\"icon-box.default\">\n\t\t\t\t<div class=\"elementor-widget-container\">\n\t\t\t\t\t<div class=\"elementor-icon-box-wrapper\">\n\n\t\t\t\t\t\t<div class=\"elementor-icon-box-icon\">\n\t\t\t\t<a href=\"#elementor-action%3Aaction%3Dpopup%3Aopen%26settings%3DeyJpZCI6OTgxLCJ0b2dnbGUiOmZhbHNlfQ%3D%3D\" class=\"elementor-icon elementor-animation-grow-rotate\" tabindex=\"-1\">\n\t\t\t\t<svg xmlns=\"http:\/\/www.w3.org\/2000\/svg\" xmlns:xlink=\"http:\/\/www.w3.org\/1999\/xlink\" fill=\"#000000\" height=\"800px\" width=\"800px\" id=\"Layer_1\" viewBox=\"0 0 503.607 503.607\" xml:space=\"preserve\"><g>\t<g>\t\t<g>\t\t\t<path d=\"M461.539,108.594c-0.05-0.764-0.201-1.494-0.453-2.216c-0.092-0.269-0.159-0.537-0.277-0.789    c-0.403-0.865-0.915-1.679-1.603-2.384c-0.017-0.008-0.017-0.025-0.034-0.034L358.467,2.468    c-0.017-0.017-0.034-0.025-0.042-0.034c-0.705-0.697-1.528-1.209-2.392-1.612c-0.235-0.109-0.478-0.176-0.73-0.26    c-0.755-0.269-1.528-0.428-2.325-0.47C352.818,0.084,352.684,0,352.525,0H117.508c-13.883,0-25.18,11.298-25.18,25.18v402.885    c0,13.883,11.298,25.18,25.18,25.18h318.951c13.883,0,25.18-11.298,25.18-25.18V109.115    C461.639,108.93,461.547,108.779,461.539,108.594z M159.475,100.721h151.082c4.633,0,8.393,3.752,8.393,8.393    s-3.76,8.393-8.393,8.393H159.475c-4.633,0-8.393-3.752-8.393-8.393S154.842,100.721,159.475,100.721z M411.279,369.311H159.475    c-4.633,0-8.393-3.752-8.393-8.393c0-4.642,3.76-8.393,8.393-8.393h251.803c4.633,0,8.393,3.752,8.393,8.393    C419.672,365.56,415.912,369.311,411.279,369.311z M411.279,318.951H159.475c-4.633,0-8.393-3.752-8.393-8.393    s3.76-8.393,8.393-8.393h251.803c4.633,0,8.393,3.752,8.393,8.393S415.912,318.951,411.279,318.951z M411.279,268.59H159.475    c-4.633,0-8.393-3.752-8.393-8.393s3.76-8.393,8.393-8.393h251.803c4.633,0,8.393,3.752,8.393,8.393    S415.912,268.59,411.279,268.59z M411.279,218.229H159.475c-4.633,0-8.393-3.752-8.393-8.393s3.76-8.393,8.393-8.393h251.803    c4.633,0,8.393,3.752,8.393,8.393S415.912,218.229,411.279,218.229z M411.279,167.869H159.475c-4.633,0-8.393-3.752-8.393-8.393    s3.76-8.393,8.393-8.393h251.803c4.633,0,8.393,3.752,8.393,8.393S415.912,167.869,411.279,167.869z M369.311,100.721    c-4.625,0-8.393-3.76-8.393-8.393V28.655l72.066,72.066H369.311z\"><\/path>\t\t\t<path d=\"M75.541,428.066V50.361h-8.393c-13.883,0-25.18,11.298-25.18,25.18v402.885c0,13.883,11.298,25.18,25.18,25.18h318.951    c13.883,0,25.18-11.298,25.18-25.18v-8.393H117.508C94.367,470.033,75.541,451.206,75.541,428.066z\"><\/path>\t\t<\/g>\t<\/g><\/g><\/svg>\t\t\t\t<\/a>\n\t\t\t<\/div>\n\t\t\t\n\t\t\t\t\t\t<div class=\"elementor-icon-box-content\">\n\n\t\t\t\t\t\t\t\t\t<h3 class=\"elementor-icon-box-title\">\n\t\t\t\t\t\t<a href=\"#elementor-action%3Aaction%3Dpopup%3Aopen%26settings%3DeyJpZCI6OTgxLCJ0b2dnbGUiOmZhbHNlfQ%3D%3D\" >\n\t\t\t\t\t\t\tInformes nacionales\t\t\t\t\t\t<\/a>\n\t\t\t\t\t<\/h3>\n\t\t\t\t\n\t\t\t\t\t\t\t\t\t<p class=\"elementor-icon-box-description\">\n\t\t\t\t\t\tConsulta los informes nacionales y el informe sobre la situaci\u00f3n sociolaboral de los j\u00f3venes agricultores en Europa en relaci\u00f3n con la salud mental y el bienestar\t\t\t\t\t<\/p>\n\t\t\t\t\n\t\t\t<\/div>\n\t\t\t\n\t\t<\/div>\n\t\t\t\t<\/div>\n\t\t\t\t<\/div>\n\t\t\t\t<div data-dce-advanced-background-image-url=\"https:\/\/farmres.eu\/wp-content\/uploads\/2022\/07\/user-experience-bg-wh-copy.png\" class=\"elementor-element elementor-element-5a9750f elementor-view-stacked elementor-position-left elementor-vertical-align-middle elementor-shape-circle elementor-mobile-position-top elementor-widget elementor-widget-icon-box\" data-id=\"5a9750f\" data-element_type=\"widget\" data-widget_type=\"icon-box.default\">\n\t\t\t\t<div class=\"elementor-widget-container\">\n\t\t\t\t\t<div class=\"elementor-icon-box-wrapper\">\n\n\t\t\t\t\t\t<div class=\"elementor-icon-box-icon\">\n\t\t\t\t<a href=\"https:\/\/farmres.eu\/es\/farmres_wp3_en\" target=\"_blank\" class=\"elementor-icon elementor-animation-grow-rotate\" tabindex=\"-1\">\n\t\t\t\t<i aria-hidden=\"true\" class=\"fas fa-check-double\"><\/i>\t\t\t\t<\/a>\n\t\t\t<\/div>\n\t\t\t\n\t\t\t\t\t\t<div class=\"elementor-icon-box-content\">\n\n\t\t\t\t\t\t\t\t\t<h3 class=\"elementor-icon-box-title\">\n\t\t\t\t\t\t<a href=\"https:\/\/farmres.eu\/es\/farmres_wp3_en\" target=\"_blank\" >\n\t\t\t\t\t\t\tCasos de \u00e9xito\t\t\t\t\t\t<\/a>\n\t\t\t\t\t<\/h3>\n\t\t\t\t\n\t\t\t\t\t\t\t\t\t<p class=\"elementor-icon-box-description\">\n\t\t\t\t\t\tDiecis\u00e9is casos de \u00e9xito de agricultores en la prevenci\u00f3n y superaci\u00f3n de problemas de salud mental relacionados con el estr\u00e9s laboral\t\t\t\t\t<\/p>\n\t\t\t\t\n\t\t\t<\/div>\n\t\t\t\n\t\t<\/div>\n\t\t\t\t<\/div>\n\t\t\t\t<\/div>\n\t\t\t\t\t<\/div>\n\t\t\t\t<\/div>\n\t\t\t\t\t<\/div>\n\t\t\t\t<\/div>\n\t\t\t\t<\/div>\n\t\t","protected":false},"excerpt":{"rendered":"<p>Aqu\u00ed encontrar\u00e1s un conjunto de recursos desarrollados en el marco del proyecto FARMRes. Informe resumido Este informe aborda las cuestiones de salud mental en el sector agrario analizando las realidades sectoriales, los factores, las necesidades, las pol\u00edticas y las iniciativas europeas. Informes nacionales Consulta los informes nacionales y el informe sobre la situaci\u00f3n sociolaboral de [&hellip;]<\/p>\n","protected":false},"author":1,"featured_media":0,"parent":0,"menu_order":0,"comment_status":"closed","ping_status":"closed","template":"elementor_header_footer","meta":{"footnotes":""},"class_list":["post-1011","page","type-page","status-publish","hentry"],"yoast_head":"<!-- This site is optimized with the Yoast SEO plugin v23.9 - https:\/\/yoast.com\/wordpress\/plugins\/seo\/ -->\n<title>Recursos - FARMRes<\/title>\n<meta name=\"robots\" content=\"index, follow, max-snippet:-1, max-image-preview:large, max-video-preview:-1\" \/>\n<link rel=\"canonical\" href=\"https:\/\/farmres.eu\/es\/recursos\" \/>\n<meta property=\"og:locale\" content=\"es_ES\" \/>\n<meta property=\"og:type\" content=\"article\" \/>\n<meta property=\"og:title\" content=\"Recursos - FARMRes\" \/>\n<meta property=\"og:description\" content=\"Aqu\u00ed encontrar\u00e1s un conjunto de recursos desarrollados en el marco del proyecto FARMRes. Informe resumido Este informe aborda las cuestiones de salud mental en el sector agrario analizando las realidades sectoriales, los factores, las necesidades, las pol\u00edticas y las iniciativas europeas. Informes nacionales Consulta los informes nacionales y el informe sobre la situaci\u00f3n sociolaboral de [&hellip;]\" \/>\n<meta property=\"og:url\" content=\"https:\/\/farmres.eu\/es\/recursos\" \/>\n<meta property=\"og:site_name\" content=\"FARMRes\" \/>\n<meta property=\"article:modified_time\" content=\"2024-07-08T07:28:28+00:00\" \/>\n<meta name=\"twitter:card\" content=\"summary_large_image\" \/>\n<meta name=\"twitter:label1\" content=\"Tiempo de lectura\" \/>\n\t<meta name=\"twitter:data1\" content=\"1 minuto\" \/>\n<script type=\"application\/ld+json\" class=\"yoast-schema-graph\">{\"@context\":\"https:\/\/schema.org\",\"@graph\":[{\"@type\":\"WebPage\",\"@id\":\"https:\/\/farmres.eu\/es\/recursos\",\"url\":\"https:\/\/farmres.eu\/es\/recursos\",\"name\":\"Recursos - FARMRes\",\"isPartOf\":{\"@id\":\"https:\/\/farmres.eu\/#website\"},\"datePublished\":\"2024-06-20T08:51:47+00:00\",\"dateModified\":\"2024-07-08T07:28:28+00:00\",\"breadcrumb\":{\"@id\":\"https:\/\/farmres.eu\/es\/recursos#breadcrumb\"},\"inLanguage\":\"es\",\"potentialAction\":[{\"@type\":\"ReadAction\",\"target\":[\"https:\/\/farmres.eu\/es\/recursos\"]}]},{\"@type\":\"BreadcrumbList\",\"@id\":\"https:\/\/farmres.eu\/es\/recursos#breadcrumb\",\"itemListElement\":[{\"@type\":\"ListItem\",\"position\":1,\"name\":\"Home\",\"item\":\"https:\/\/farmres.eu\/es\"},{\"@type\":\"ListItem\",\"position\":2,\"name\":\"Recursos\"}]},{\"@type\":\"WebSite\",\"@id\":\"https:\/\/farmres.eu\/#website\",\"url\":\"https:\/\/farmres.eu\/\",\"name\":\"FARMRes\",\"description\":\"Farmers Assistance Resources for Mental Resilience\",\"publisher\":{\"@id\":\"https:\/\/farmres.eu\/#organization\"},\"potentialAction\":[{\"@type\":\"SearchAction\",\"target\":{\"@type\":\"EntryPoint\",\"urlTemplate\":\"https:\/\/farmres.eu\/?s={search_term_string}\"},\"query-input\":{\"@type\":\"PropertyValueSpecification\",\"valueRequired\":true,\"valueName\":\"search_term_string\"}}],\"inLanguage\":\"es\"},{\"@type\":\"Organization\",\"@id\":\"https:\/\/farmres.eu\/#organization\",\"name\":\"FARMRes\",\"url\":\"https:\/\/farmres.eu\/\",\"logo\":{\"@type\":\"ImageObject\",\"inLanguage\":\"es\",\"@id\":\"https:\/\/farmres.eu\/#\/schema\/logo\/image\/\",\"url\":\"https:\/\/farmres.eu\/wp-content\/uploads\/2022\/07\/FARMRes-PNG_right.png\",\"contentUrl\":\"https:\/\/farmres.eu\/wp-content\/uploads\/2022\/07\/FARMRes-PNG_right.png\",\"width\":3336,\"height\":706,\"caption\":\"FARMRes\"},\"image\":{\"@id\":\"https:\/\/farmres.eu\/#\/schema\/logo\/image\/\"}}]}<\/script>\n<!-- \/ Yoast SEO plugin. -->","yoast_head_json":{"title":"Recursos - FARMRes","robots":{"index":"index","follow":"follow","max-snippet":"max-snippet:-1","max-image-preview":"max-image-preview:large","max-video-preview":"max-video-preview:-1"},"canonical":"https:\/\/farmres.eu\/es\/recursos","og_locale":"es_ES","og_type":"article","og_title":"Recursos - FARMRes","og_description":"Aqu\u00ed encontrar\u00e1s un conjunto de recursos desarrollados en el marco del proyecto FARMRes. Informe resumido Este informe aborda las cuestiones de salud mental en el sector agrario analizando las realidades sectoriales, los factores, las necesidades, las pol\u00edticas y las iniciativas europeas. Informes nacionales Consulta los informes nacionales y el informe sobre la situaci\u00f3n sociolaboral de [&hellip;]","og_url":"https:\/\/farmres.eu\/es\/recursos","og_site_name":"FARMRes","article_modified_time":"2024-07-08T07:28:28+00:00","twitter_card":"summary_large_image","twitter_misc":{"Tiempo de lectura":"1 minuto"},"schema":{"@context":"https:\/\/schema.org","@graph":[{"@type":"WebPage","@id":"https:\/\/farmres.eu\/es\/recursos","url":"https:\/\/farmres.eu\/es\/recursos","name":"Recursos - FARMRes","isPartOf":{"@id":"https:\/\/farmres.eu\/#website"},"datePublished":"2024-06-20T08:51:47+00:00","dateModified":"2024-07-08T07:28:28+00:00","breadcrumb":{"@id":"https:\/\/farmres.eu\/es\/recursos#breadcrumb"},"inLanguage":"es","potentialAction":[{"@type":"ReadAction","target":["https:\/\/farmres.eu\/es\/recursos"]}]},{"@type":"BreadcrumbList","@id":"https:\/\/farmres.eu\/es\/recursos#breadcrumb","itemListElement":[{"@type":"ListItem","position":1,"name":"Home","item":"https:\/\/farmres.eu\/es"},{"@type":"ListItem","position":2,"name":"Recursos"}]},{"@type":"WebSite","@id":"https:\/\/farmres.eu\/#website","url":"https:\/\/farmres.eu\/","name":"FARMRes","description":"Farmers Assistance Resources for Mental Resilience","publisher":{"@id":"https:\/\/farmres.eu\/#organization"},"potentialAction":[{"@type":"SearchAction","target":{"@type":"EntryPoint","urlTemplate":"https:\/\/farmres.eu\/?s={search_term_string}"},"query-input":{"@type":"PropertyValueSpecification","valueRequired":true,"valueName":"search_term_string"}}],"inLanguage":"es"},{"@type":"Organization","@id":"https:\/\/farmres.eu\/#organization","name":"FARMRes","url":"https:\/\/farmres.eu\/","logo":{"@type":"ImageObject","inLanguage":"es","@id":"https:\/\/farmres.eu\/#\/schema\/logo\/image\/","url":"https:\/\/farmres.eu\/wp-content\/uploads\/2022\/07\/FARMRes-PNG_right.png","contentUrl":"https:\/\/farmres.eu\/wp-content\/uploads\/2022\/07\/FARMRes-PNG_right.png","width":3336,"height":706,"caption":"FARMRes"},"image":{"@id":"https:\/\/farmres.eu\/#\/schema\/logo\/image\/"}}]}},"_links":{"self":[{"href":"https:\/\/farmres.eu\/es\/wp-json\/wp\/v2\/pages\/1011","targetHints":{"allow":["GET"]}}],"collection":[{"href":"https:\/\/farmres.eu\/es\/wp-json\/wp\/v2\/pages"}],"about":[{"href":"https:\/\/farmres.eu\/es\/wp-json\/wp\/v2\/types\/page"}],"author":[{"embeddable":true,"href":"https:\/\/farmres.eu\/es\/wp-json\/wp\/v2\/users\/1"}],"replies":[{"embeddable":true,"href":"https:\/\/farmres.eu\/es\/wp-json\/wp\/v2\/comments?post=1011"}],"version-history":[{"count":1,"href":"https:\/\/farmres.eu\/es\/wp-json\/wp\/v2\/pages\/1011\/revisions"}],"predecessor-version":[{"id":1012,"href":"https:\/\/farmres.eu\/es\/wp-json\/wp\/v2\/pages\/1011\/revisions\/1012"}],"wp:attachment":[{"href":"https:\/\/farmres.eu\/es\/wp-json\/wp\/v2\/media?parent=1011"}],"curies":[{"name":"wp","href":"https:\/\/api.w.org\/{rel}","templated":true}]}}