{"id":1066,"date":"2024-11-14T11:52:41","date_gmt":"2024-11-14T11:52:41","guid":{"rendered":"https:\/\/farmres.eu\/datenschutz"},"modified":"2024-11-14T12:02:29","modified_gmt":"2024-11-14T12:02:29","slug":"datenschutz","status":"publish","type":"page","link":"https:\/\/farmres.eu\/de\/datenschutz","title":{"rendered":"Datenschutz"},"content":{"rendered":"\t\t<div data-elementor-type=\"wp-page\" data-elementor-id=\"1066\" class=\"elementor elementor-1066 elementor-1059\" data-elementor-post-type=\"page\">\n\t\t\t\t<div class=\"elementor-element elementor-element-37f6518 e-con-full e-flex e-con e-parent\" data-id=\"37f6518\" data-element_type=\"container\" data-settings=\"{&quot;background_background&quot;:&quot;classic&quot;,&quot;background_motion_fx_motion_fx_mouse&quot;:&quot;yes&quot;}\">\n\t\t\t\t<\/div>\n\t\t<div data-dce-background-image-url=\"https:\/\/farmres.eu\/wp-content\/uploads\/2022\/07\/Create-and-impressive-portfolio-bg-pic.svg\" class=\"elementor-element elementor-element-60294ed e-flex e-con-boxed e-con e-parent\" data-id=\"60294ed\" data-element_type=\"container\" data-settings=\"{&quot;background_background&quot;:&quot;classic&quot;,&quot;background_motion_fx_motion_fx_scrolling&quot;:&quot;yes&quot;,&quot;background_motion_fx_translateX_effect&quot;:&quot;yes&quot;,&quot;background_motion_fx_translateX_direction&quot;:&quot;negative&quot;,&quot;background_motion_fx_translateX_speed&quot;:{&quot;unit&quot;:&quot;px&quot;,&quot;size&quot;:&quot;0.7&quot;,&quot;sizes&quot;:[]},&quot;background_motion_fx_devices&quot;:[&quot;desktop&quot;],&quot;background_motion_fx_translateX_affectedRange&quot;:{&quot;unit&quot;:&quot;%&quot;,&quot;size&quot;:&quot;&quot;,&quot;sizes&quot;:{&quot;start&quot;:0,&quot;end&quot;:100}}}\">\n\t\t\t\t\t<div class=\"e-con-inner\">\n\t\t<div class=\"elementor-element elementor-element-b6a1d20 e-flex e-con-boxed e-con e-child\" data-id=\"b6a1d20\" data-element_type=\"container\" data-settings=\"{&quot;background_background&quot;:&quot;classic&quot;}\">\n\t\t\t\t\t<div class=\"e-con-inner\">\n\t\t\t\t<div class=\"elementor-element elementor-element-a8a98b1 elementor-widget elementor-widget-text-editor\" data-id=\"a8a98b1\" data-element_type=\"widget\" data-widget_type=\"text-editor.default\">\n\t\t\t\t<div class=\"elementor-widget-container\">\n\t\t\t\t\t\t\t<p>Bei FARMRes nehmen wir den Schutz Ihrer pers\u00f6nlichen Daten sehr ernst. Unser Ziel ist es, die Privatsph\u00e4re der Daten, die Sie uns zur Verf\u00fcgung stellen, zu sch\u00fctzen und die geltenden Vorschriften zum Schutz personenbezogener Daten einzuhalten. <\/p>\n\t\t\t\t\t\t<\/div>\n\t\t\t\t<\/div>\n\t\t\t\t<div class=\"elementor-element elementor-element-91c6353 elementor-widget elementor-widget-text-editor\" data-id=\"91c6353\" data-element_type=\"widget\" data-widget_type=\"text-editor.default\">\n\t\t\t\t<div class=\"elementor-widget-container\">\n\t\t\t\t\t\t\t<p>In \u00dcbereinstimmung mit dem Gesetz 3\/2018 vom 5. Dezember \u00fcber den Schutz personenbezogener Daten und die Gew\u00e4hrleistung digitaler Rechte, mit dem die Verordnung (EU) 2016\/679 umgesetzt wird, informieren wir Sie mit den folgenden Informationen \u00fcber unsere Datenschutzpolitik:<\/p>\n\t\t\t\t\t\t<\/div>\n\t\t\t\t<\/div>\n\t\t\t\t\t<\/div>\n\t\t\t\t<\/div>\n\t\t<div class=\"elementor-element elementor-element-0bace5c e-flex e-con-boxed e-con e-child\" data-id=\"0bace5c\" data-element_type=\"container\" data-settings=\"{&quot;background_background&quot;:&quot;classic&quot;}\">\n\t\t\t\t\t<div class=\"e-con-inner\">\n\t\t\t\t<div class=\"elementor-element elementor-element-417d354 elementor-widget elementor-widget-heading\" data-id=\"417d354\" data-element_type=\"widget\" data-widget_type=\"heading.default\">\n\t\t\t\t<div class=\"elementor-widget-container\">\n\t\t\t<h2 class=\"elementor-heading-title elementor-size-default\">Wer ist der Verantwortliche f\u00fcr die Verarbeitung Ihrer Daten? <\/h2>\t\t<\/div>\n\t\t\t\t<\/div>\n\t\t\t\t<div class=\"elementor-element elementor-element-c381551 elementor-widget elementor-widget-text-editor\" data-id=\"c381551\" data-element_type=\"widget\" data-widget_type=\"text-editor.default\">\n\t\t\t\t<div class=\"elementor-widget-container\">\n\t\t\t\t\t\t\t<p>Die f\u00fcr Ihre Daten verantwortliche Organisation ist CEJA &#8211; Europ\u00e4ischer Rat der Junglandwirte. Dies ist eine NGO mit Sitz in Br\u00fcssel, Belgien. <\/p>\n<p><strong>Anschrift <\/strong> Rue de la Loi 67, 1040 Br\u00fcssel, Belgien<\/p>\n<p><strong>Telefon <\/strong> +32 2 230 42 10<\/p>\n<p><strong>E-Mail-Kontakt<\/strong> <a href=\"mailto:info@ceja.eu\">info@ceja.eu<\/a><\/p>\n\t\t\t\t\t\t<\/div>\n\t\t\t\t<\/div>\n\t\t\t\t\t<\/div>\n\t\t\t\t<\/div>\n\t\t<div class=\"elementor-element elementor-element-a34145f e-flex e-con-boxed e-con e-child\" data-id=\"a34145f\" data-element_type=\"container\" data-settings=\"{&quot;background_background&quot;:&quot;classic&quot;}\">\n\t\t\t\t\t<div class=\"e-con-inner\">\n\t\t\t\t<div class=\"elementor-element elementor-element-56cea8e elementor-widget elementor-widget-heading\" data-id=\"56cea8e\" data-element_type=\"widget\" data-widget_type=\"heading.default\">\n\t\t\t\t<div class=\"elementor-widget-container\">\n\t\t\t<h2 class=\"elementor-heading-title elementor-size-default\">Was ist der Zweck der Verarbeitung?<\/h2>\t\t<\/div>\n\t\t\t\t<\/div>\n\t\t\t\t<div class=\"elementor-element elementor-element-da23be5 elementor-widget elementor-widget-text-editor\" data-id=\"da23be5\" data-element_type=\"widget\" data-widget_type=\"text-editor.default\">\n\t\t\t\t<div class=\"elementor-widget-container\">\n\t\t\t\t\t\t\t<ul>\n<li>Um auf Anfragen, Beschwerden und Vorf\u00e4lle zu reagieren, die \u00fcber unsere in die Website integrierten Kontaktkan\u00e4le \u00fcbermittelt werden.<\/li>\n<li>Um das Verhalten des Nutzers innerhalb der Website zu verstehen, um m\u00f6gliche Computerangriffe auf unsere Website zu erkennen.<\/li>\n<li>Erf\u00fcllung der gesetzlichen Verpflichtungen, die unmittelbar auf uns anwendbar sind und unsere T\u00e4tigkeit regeln.<\/li>\n<li>Um unsere Rechte zu sch\u00fctzen und auszu\u00fcben oder um auf Beschwerden jeglicher Art zu reagieren.<\/li>\n<li>\u00dcbermittlung von Newslettern \u00fcber die Waren oder Dienstleistungen, die die T\u00e4tigkeit des Verantwortlichen ausmachen, oder von Nachrichten im Zusammenhang mit seiner T\u00e4tigkeit.<\/li>\n<\/ul>\n\t\t\t\t\t\t<\/div>\n\t\t\t\t<\/div>\n\t\t\t\t\t<\/div>\n\t\t\t\t<\/div>\n\t\t<div class=\"elementor-element elementor-element-5237a00 e-flex e-con-boxed e-con e-child\" data-id=\"5237a00\" data-element_type=\"container\" data-settings=\"{&quot;background_background&quot;:&quot;classic&quot;}\">\n\t\t\t\t\t<div class=\"e-con-inner\">\n\t\t\t\t<div class=\"elementor-element elementor-element-f206c32 elementor-widget elementor-widget-heading\" data-id=\"f206c32\" data-element_type=\"widget\" data-widget_type=\"heading.default\">\n\t\t\t\t<div class=\"elementor-widget-container\">\n\t\t\t<h2 class=\"elementor-heading-title elementor-size-default\">Was ist die Rechtsgrundlage f\u00fcr die Verarbeitung Ihrer Daten?<\/h2>\t\t<\/div>\n\t\t\t\t<\/div>\n\t\t\t\t<div class=\"elementor-element elementor-element-79adefb elementor-widget elementor-widget-text-editor\" data-id=\"79adefb\" data-element_type=\"widget\" data-widget_type=\"text-editor.default\">\n\t\t\t\t<div class=\"elementor-widget-container\">\n\t\t\t\t\t\t\t<p>Die Rechtsgrundlage f\u00fcr die Verarbeitung Ihrer Daten ist die Einwilligung der betroffenen Person gem\u00e4\u00df Artikel 6 Absatz 1 Buchstabe a der Verordnung sowie das berechtigte Interesse des f\u00fcr die Verarbeitung Verantwortlichen gem\u00e4\u00df Artikel 6 Absatz 1 Buchstabe f der Verordnung.<\/p>\n<p>Die Daten, um die wir Sie bitten, sind angemessen, relevant und unbedingt erforderlich, und Sie sind in keinem Fall verpflichtet, sie uns zu \u00fcbermitteln, aber ihre Nichtmitteilung kann den Zweck der Dienstleistung beeintr\u00e4chtigen oder ihre Erbringung unm\u00f6glich machen.<\/p>\n\t\t\t\t\t\t<\/div>\n\t\t\t\t<\/div>\n\t\t\t\t\t<\/div>\n\t\t\t\t<\/div>\n\t\t<div class=\"elementor-element elementor-element-cfaea6e e-flex e-con-boxed e-con e-child\" data-id=\"cfaea6e\" data-element_type=\"container\" data-settings=\"{&quot;background_background&quot;:&quot;classic&quot;}\">\n\t\t\t\t\t<div class=\"e-con-inner\">\n\t\t\t\t<div class=\"elementor-element elementor-element-8ee415e elementor-widget elementor-widget-heading\" data-id=\"8ee415e\" data-element_type=\"widget\" data-widget_type=\"heading.default\">\n\t\t\t\t<div class=\"elementor-widget-container\">\n\t\t\t<h2 class=\"elementor-heading-title elementor-size-default\">Wie lange bewahren wir Ihre Daten auf?<\/h2>\t\t<\/div>\n\t\t\t\t<\/div>\n\t\t\t\t<div class=\"elementor-element elementor-element-d5c1352 elementor-widget elementor-widget-text-editor\" data-id=\"d5c1352\" data-element_type=\"widget\" data-widget_type=\"text-editor.default\">\n\t\t\t\t<div class=\"elementor-widget-container\">\n\t\t\t\t\t\t\t<p>Ihre Daten werden so lange aufbewahrt, wie es f\u00fcr die ordnungsgem\u00e4\u00dfe Erbringung der angebotenen Dienstleistung erforderlich ist, sowie zur Erf\u00fcllung der sich daraus ergebenden Verpflichtungen und sonstiger rechtlicher Anforderungen.<\/p>\n\t\t\t\t\t\t<\/div>\n\t\t\t\t<\/div>\n\t\t\t\t\t<\/div>\n\t\t\t\t<\/div>\n\t\t<div class=\"elementor-element elementor-element-d171474 e-flex e-con-boxed e-con e-child\" data-id=\"d171474\" data-element_type=\"container\" data-settings=\"{&quot;background_background&quot;:&quot;classic&quot;}\">\n\t\t\t\t\t<div class=\"e-con-inner\">\n\t\t\t\t<div class=\"elementor-element elementor-element-7f99fb6 elementor-widget elementor-widget-heading\" data-id=\"7f99fb6\" data-element_type=\"widget\" data-widget_type=\"heading.default\">\n\t\t\t\t<div class=\"elementor-widget-container\">\n\t\t\t<h2 class=\"elementor-heading-title elementor-size-default\">An welche Empf\u00e4nger werden Ihre Daten weitergegeben?<\/h2>\t\t<\/div>\n\t\t\t\t<\/div>\n\t\t\t\t<div class=\"elementor-element elementor-element-d30494f elementor-widget elementor-widget-text-editor\" data-id=\"d30494f\" data-element_type=\"widget\" data-widget_type=\"text-editor.default\">\n\t\t\t\t<div class=\"elementor-widget-container\">\n\t\t\t\t\t\t\t<p>m Rahmen der Verarbeitung Ihrer Daten kann CEJA &#8211; Europ\u00e4ischer Rat der Junglandwirte Ihre Daten weitergeben an:<\/p>\n<p>On Projects Advising SL, als Dienstleister f\u00fcr Webmanagement und -pflege.<\/p>\n\t\t\t\t\t\t<\/div>\n\t\t\t\t<\/div>\n\t\t\t\t\t<\/div>\n\t\t\t\t<\/div>\n\t\t<div class=\"elementor-element elementor-element-5750407 e-flex e-con-boxed e-con e-child\" data-id=\"5750407\" data-element_type=\"container\" data-settings=\"{&quot;background_background&quot;:&quot;classic&quot;}\">\n\t\t\t\t\t<div class=\"e-con-inner\">\n\t\t\t\t<div class=\"elementor-element elementor-element-ad6f636 elementor-widget elementor-widget-heading\" data-id=\"ad6f636\" data-element_type=\"widget\" data-widget_type=\"heading.default\">\n\t\t\t\t<div class=\"elementor-widget-container\">\n\t\t\t<h2 class=\"elementor-heading-title elementor-size-default\">Welche Rechte habe ich?<\/h2>\t\t<\/div>\n\t\t\t\t<\/div>\n\t\t\t\t<div class=\"elementor-element elementor-element-fee2b45 elementor-widget elementor-widget-text-editor\" data-id=\"fee2b45\" data-element_type=\"widget\" data-widget_type=\"text-editor.default\">\n\t\t\t\t<div class=\"elementor-widget-container\">\n\t\t\t\t\t\t\t<ul>\n<li>Auskunftsrecht: Recht, eine Best\u00e4tigung dar\u00fcber zu erhalten, ob personenbezogene Daten verarbeitet werden, sowie das Recht auf Zugang zu diesen Daten.<\/li>\n<li>Recht auf Berichtigung personenbezogener Daten.<\/li>\n<li>Recht auf L\u00f6schung<\/li>\n<li>Recht auf Einschr\u00e4nkung der Verarbeitung<\/li>\n<li>Recht auf Daten\u00fcbertragbarkeit<\/li>\n<li>Widerspruchsrecht: Das Recht, der Verarbeitung von Daten zu widersprechen.<\/li>\n<\/ul>\n\t\t\t\t\t\t<\/div>\n\t\t\t\t<\/div>\n\t\t\t\t<div class=\"elementor-element elementor-element-457a5f4 elementor-widget elementor-widget-text-editor\" data-id=\"457a5f4\" data-element_type=\"widget\" data-widget_type=\"text-editor.default\">\n\t\t\t\t<div class=\"elementor-widget-container\">\n\t\t\t\t\t\t\t<p>Der f\u00fcr die Verarbeitung Verantwortliche beh\u00e4lt sich das Recht vor, die in Artikel 23 der EU-Verordnung genannten Rechte einzuschr\u00e4nken, wenn eine solche Einschr\u00e4nkung vorgesehen ist, um insbesondere die Grundrechte und Grundfreiheiten zu sch\u00fctzen, und eine notwendige und verh\u00e4ltnism\u00e4\u00dfige Ma\u00dfnahme darstellt.<\/p>\n\t\t\t\t\t\t<\/div>\n\t\t\t\t<\/div>\n\t\t\t\t\t<\/div>\n\t\t\t\t<\/div>\n\t\t<div class=\"elementor-element elementor-element-7bf1c16 e-con-full e-flex e-con e-child\" data-id=\"7bf1c16\" data-element_type=\"container\" data-settings=\"{&quot;background_background&quot;:&quot;classic&quot;}\">\n\t\t\t\t<div class=\"elementor-element elementor-element-4feaa52 elementor-widget elementor-widget-heading\" data-id=\"4feaa52\" data-element_type=\"widget\" data-widget_type=\"heading.default\">\n\t\t\t\t<div class=\"elementor-widget-container\">\n\t\t\t<h2 class=\"elementor-heading-title elementor-size-default\">Wo kann ich eine Beschwerde einreichen?<\/h2>\t\t<\/div>\n\t\t\t\t<\/div>\n\t\t\t\t<div class=\"elementor-element elementor-element-3b025a1 elementor-widget elementor-widget-text-editor\" data-id=\"3b025a1\" data-element_type=\"widget\" data-widget_type=\"text-editor.default\">\n\t\t\t\t<div class=\"elementor-widget-container\">\n\t\t\t\t\t\t\t<p>Wenn ein Betroffener der Meinung ist, dass seine Daten nicht korrekt behandelt werden, kann er seine Beschwerden an die folgende E-Mail-Adresse richten: <a href=\"mailto:info@ceja.eu\">info@ceja.eu<\/a>.<\/p>\n<p>Die betroffene Person erkl\u00e4rt, dass sie alle diese Informationen erhalten hat.<\/p>\n\t\t\t\t\t\t<\/div>\n\t\t\t\t<\/div>\n\t\t\t\t<\/div>\n\t\t\t\t\t<\/div>\n\t\t\t\t<\/div>\n\t\t\t\t<\/div>\n\t\t","protected":false},"excerpt":{"rendered":"<p>Bei FARMRes nehmen wir den Schutz Ihrer pers\u00f6nlichen Daten sehr ernst. Unser Ziel ist es, die Privatsph\u00e4re der Daten, die Sie uns zur Verf\u00fcgung stellen, zu sch\u00fctzen und die geltenden Vorschriften zum Schutz personenbezogener Daten einzuhalten. In \u00dcbereinstimmung mit dem Gesetz 3\/2018 vom 5. Dezember \u00fcber den Schutz personenbezogener Daten und die Gew\u00e4hrleistung digitaler Rechte, [&hellip;]<\/p>\n","protected":false},"author":1,"featured_media":0,"parent":0,"menu_order":0,"comment_status":"closed","ping_status":"closed","template":"elementor_header_footer","meta":{"footnotes":""},"class_list":["post-1066","page","type-page","status-publish","hentry"],"yoast_head":"<!-- This site is optimized with the Yoast SEO plugin v23.9 - https:\/\/yoast.com\/wordpress\/plugins\/seo\/ -->\n<title>Datenschutz - FARMRes<\/title>\n<meta name=\"robots\" content=\"index, follow, max-snippet:-1, max-image-preview:large, max-video-preview:-1\" \/>\n<link rel=\"canonical\" href=\"https:\/\/farmres.eu\/de\/datenschutz\" \/>\n<meta property=\"og:locale\" content=\"de_DE\" \/>\n<meta property=\"og:type\" content=\"article\" \/>\n<meta property=\"og:title\" content=\"Datenschutz - FARMRes\" \/>\n<meta property=\"og:description\" content=\"Bei FARMRes nehmen wir den Schutz Ihrer pers\u00f6nlichen Daten sehr ernst. Unser Ziel ist es, die Privatsph\u00e4re der Daten, die Sie uns zur Verf\u00fcgung stellen, zu sch\u00fctzen und die geltenden Vorschriften zum Schutz personenbezogener Daten einzuhalten. In \u00dcbereinstimmung mit dem Gesetz 3\/2018 vom 5. Dezember \u00fcber den Schutz personenbezogener Daten und die Gew\u00e4hrleistung digitaler Rechte, [&hellip;]\" \/>\n<meta property=\"og:url\" content=\"https:\/\/farmres.eu\/de\/datenschutz\" \/>\n<meta property=\"og:site_name\" content=\"FARMRes\" \/>\n<meta property=\"article:modified_time\" content=\"2024-11-14T12:02:29+00:00\" \/>\n<meta name=\"twitter:card\" content=\"summary_large_image\" \/>\n<meta name=\"twitter:label1\" content=\"Gesch\u00e4tzte Lesezeit\" \/>\n\t<meta name=\"twitter:data1\" content=\"3\u00a0Minuten\" \/>\n<script type=\"application\/ld+json\" class=\"yoast-schema-graph\">{\"@context\":\"https:\/\/schema.org\",\"@graph\":[{\"@type\":\"WebPage\",\"@id\":\"https:\/\/farmres.eu\/de\/datenschutz\",\"url\":\"https:\/\/farmres.eu\/de\/datenschutz\",\"name\":\"Datenschutz - FARMRes\",\"isPartOf\":{\"@id\":\"https:\/\/farmres.eu\/#website\"},\"datePublished\":\"2024-11-14T11:52:41+00:00\",\"dateModified\":\"2024-11-14T12:02:29+00:00\",\"breadcrumb\":{\"@id\":\"https:\/\/farmres.eu\/de\/datenschutz#breadcrumb\"},\"inLanguage\":\"de\",\"potentialAction\":[{\"@type\":\"ReadAction\",\"target\":[\"https:\/\/farmres.eu\/de\/datenschutz\"]}]},{\"@type\":\"BreadcrumbList\",\"@id\":\"https:\/\/farmres.eu\/de\/datenschutz#breadcrumb\",\"itemListElement\":[{\"@type\":\"ListItem\",\"position\":1,\"name\":\"Home\",\"item\":\"https:\/\/farmres.eu\/de\"},{\"@type\":\"ListItem\",\"position\":2,\"name\":\"Datenschutz\"}]},{\"@type\":\"WebSite\",\"@id\":\"https:\/\/farmres.eu\/#website\",\"url\":\"https:\/\/farmres.eu\/\",\"name\":\"FARMRes\",\"description\":\"Farmers Assistance Resources for Mental Resilience\",\"publisher\":{\"@id\":\"https:\/\/farmres.eu\/#organization\"},\"potentialAction\":[{\"@type\":\"SearchAction\",\"target\":{\"@type\":\"EntryPoint\",\"urlTemplate\":\"https:\/\/farmres.eu\/?s={search_term_string}\"},\"query-input\":{\"@type\":\"PropertyValueSpecification\",\"valueRequired\":true,\"valueName\":\"search_term_string\"}}],\"inLanguage\":\"de\"},{\"@type\":\"Organization\",\"@id\":\"https:\/\/farmres.eu\/#organization\",\"name\":\"FARMRes\",\"url\":\"https:\/\/farmres.eu\/\",\"logo\":{\"@type\":\"ImageObject\",\"inLanguage\":\"de\",\"@id\":\"https:\/\/farmres.eu\/#\/schema\/logo\/image\/\",\"url\":\"https:\/\/farmres.eu\/wp-content\/uploads\/2022\/07\/FARMRes-PNG_right.png\",\"contentUrl\":\"https:\/\/farmres.eu\/wp-content\/uploads\/2022\/07\/FARMRes-PNG_right.png\",\"width\":3336,\"height\":706,\"caption\":\"FARMRes\"},\"image\":{\"@id\":\"https:\/\/farmres.eu\/#\/schema\/logo\/image\/\"}}]}<\/script>\n<!-- \/ Yoast SEO plugin. -->","yoast_head_json":{"title":"Datenschutz - FARMRes","robots":{"index":"index","follow":"follow","max-snippet":"max-snippet:-1","max-image-preview":"max-image-preview:large","max-video-preview":"max-video-preview:-1"},"canonical":"https:\/\/farmres.eu\/de\/datenschutz","og_locale":"de_DE","og_type":"article","og_title":"Datenschutz - FARMRes","og_description":"Bei FARMRes nehmen wir den Schutz Ihrer pers\u00f6nlichen Daten sehr ernst. Unser Ziel ist es, die Privatsph\u00e4re der Daten, die Sie uns zur Verf\u00fcgung stellen, zu sch\u00fctzen und die geltenden Vorschriften zum Schutz personenbezogener Daten einzuhalten. In \u00dcbereinstimmung mit dem Gesetz 3\/2018 vom 5. Dezember \u00fcber den Schutz personenbezogener Daten und die Gew\u00e4hrleistung digitaler Rechte, [&hellip;]","og_url":"https:\/\/farmres.eu\/de\/datenschutz","og_site_name":"FARMRes","article_modified_time":"2024-11-14T12:02:29+00:00","twitter_card":"summary_large_image","twitter_misc":{"Gesch\u00e4tzte Lesezeit":"3\u00a0Minuten"},"schema":{"@context":"https:\/\/schema.org","@graph":[{"@type":"WebPage","@id":"https:\/\/farmres.eu\/de\/datenschutz","url":"https:\/\/farmres.eu\/de\/datenschutz","name":"Datenschutz - FARMRes","isPartOf":{"@id":"https:\/\/farmres.eu\/#website"},"datePublished":"2024-11-14T11:52:41+00:00","dateModified":"2024-11-14T12:02:29+00:00","breadcrumb":{"@id":"https:\/\/farmres.eu\/de\/datenschutz#breadcrumb"},"inLanguage":"de","potentialAction":[{"@type":"ReadAction","target":["https:\/\/farmres.eu\/de\/datenschutz"]}]},{"@type":"BreadcrumbList","@id":"https:\/\/farmres.eu\/de\/datenschutz#breadcrumb","itemListElement":[{"@type":"ListItem","position":1,"name":"Home","item":"https:\/\/farmres.eu\/de"},{"@type":"ListItem","position":2,"name":"Datenschutz"}]},{"@type":"WebSite","@id":"https:\/\/farmres.eu\/#website","url":"https:\/\/farmres.eu\/","name":"FARMRes","description":"Farmers Assistance Resources for Mental Resilience","publisher":{"@id":"https:\/\/farmres.eu\/#organization"},"potentialAction":[{"@type":"SearchAction","target":{"@type":"EntryPoint","urlTemplate":"https:\/\/farmres.eu\/?s={search_term_string}"},"query-input":{"@type":"PropertyValueSpecification","valueRequired":true,"valueName":"search_term_string"}}],"inLanguage":"de"},{"@type":"Organization","@id":"https:\/\/farmres.eu\/#organization","name":"FARMRes","url":"https:\/\/farmres.eu\/","logo":{"@type":"ImageObject","inLanguage":"de","@id":"https:\/\/farmres.eu\/#\/schema\/logo\/image\/","url":"https:\/\/farmres.eu\/wp-content\/uploads\/2022\/07\/FARMRes-PNG_right.png","contentUrl":"https:\/\/farmres.eu\/wp-content\/uploads\/2022\/07\/FARMRes-PNG_right.png","width":3336,"height":706,"caption":"FARMRes"},"image":{"@id":"https:\/\/farmres.eu\/#\/schema\/logo\/image\/"}}]}},"_links":{"self":[{"href":"https:\/\/farmres.eu\/de\/wp-json\/wp\/v2\/pages\/1066","targetHints":{"allow":["GET"]}}],"collection":[{"href":"https:\/\/farmres.eu\/de\/wp-json\/wp\/v2\/pages"}],"about":[{"href":"https:\/\/farmres.eu\/de\/wp-json\/wp\/v2\/types\/page"}],"author":[{"embeddable":true,"href":"https:\/\/farmres.eu\/de\/wp-json\/wp\/v2\/users\/1"}],"replies":[{"embeddable":true,"href":"https:\/\/farmres.eu\/de\/wp-json\/wp\/v2\/comments?post=1066"}],"version-history":[{"count":1,"href":"https:\/\/farmres.eu\/de\/wp-json\/wp\/v2\/pages\/1066\/revisions"}],"predecessor-version":[{"id":1067,"href":"https:\/\/farmres.eu\/de\/wp-json\/wp\/v2\/pages\/1066\/revisions\/1067"}],"wp:attachment":[{"href":"https:\/\/farmres.eu\/de\/wp-json\/wp\/v2\/media?parent=1066"}],"curies":[{"name":"wp","href":"https:\/\/api.w.org\/{rel}","templated":true}]}}